{"id":4207,"date":"2020-09-09T12:21:51","date_gmt":"2020-09-09T10:21:51","guid":{"rendered":"http:\/\/www.mauriziobologna.eu\/?page_id=4207"},"modified":"2024-01-23T11:44:38","modified_gmt":"2024-01-23T10:44:38","slug":"la-mia-azienda-agricola","status":"publish","type":"page","link":"https:\/\/www.mauriziobologna.eu\/?page_id=4207","title":{"rendered":"La mia azienda agricola"},"content":{"rendered":"\n<h3 class=\"has-text-color wp-block-heading\" style=\"color:#2c6276\">Cascina chiarina<\/h3>\n\n\n\n<p>Sono Maurizio Bologna, nasco e cresco in campagna. Rappresento la quarta generazione di una famiglia di coltivatori diretti. \u00c8 una passione quella per la natura che ho coltivato sin da piccolo: sono molto legato al mio territorio, di cui mi sono preso cura anche nella mia professione.<br>L\u2019azienda agricola che rappresento produce principalmente frutta, ha delle vigne di uva barbera e un noccioleto. La campagna \u00e8 stata anche l\u2019ambientazione ideale per sviluppare percorsi per le mie attivit\u00e0 legate al sostegno di persone con disabilit\u00e0 fisiche e psichiche.<br>Dalla natura ho imparato la lezione pi\u00f9 importante che mi \u00e8 servita come riferimento per tutto quello che faccio: \u00e8 soltanto passando attraverso l\u2019impegno, la costanza e anche la durezza del lavoro che si arriva ad assaporare appieno i frutti che \u00e8 in grado di donarti la vita.<\/p>\n\n\n\n<figure class=\"wp-block-video\"><video height=\"480\" style=\"aspect-ratio: 848 \/ 480;\" width=\"848\" controls src=\"http:\/\/www.mauriziobologna.eu\/wp-content\/uploads\/2021\/08\/WhatsApp-Video-2021-07-26-at-10.01.38.mp4\"><\/video><\/figure>\n\n\n\n<p><\/p>\n\n\n\nngg_shortcode_0_placeholder\n","protected":false},"excerpt":{"rendered":"<p>Cascina chiarina Sono Maurizio Bologna, nasco e cresco in campagna. Rappresento la quarta generazione di una famiglia di coltivatori diretti. &hellip; <a href=\"https:\/\/www.mauriziobologna.eu\/?page_id=4207\" class=\"more-link\"><span class=\"more-button\">Scopri di pi\u00f9<span class=\"screen-reader-text\">La mia azienda agricola<\/span><\/span><\/a><\/p>\n","protected":false},"author":1,"featured_media":0,"parent":0,"menu_order":0,"comment_status":"closed","ping_status":"closed","template":"","meta":{"_eb_attr":"","ngg_post_thumbnail":0,"footnotes":""},"class_list":["post-4207","page","type-page","status-publish","hentry"],"_links":{"self":[{"href":"https:\/\/www.mauriziobologna.eu\/index.php?rest_route=\/wp\/v2\/pages\/4207","targetHints":{"allow":["GET"]}}],"collection":[{"href":"https:\/\/www.mauriziobologna.eu\/index.php?rest_route=\/wp\/v2\/pages"}],"about":[{"href":"https:\/\/www.mauriziobologna.eu\/index.php?rest_route=\/wp\/v2\/types\/page"}],"author":[{"embeddable":true,"href":"https:\/\/www.mauriziobologna.eu\/index.php?rest_route=\/wp\/v2\/users\/1"}],"replies":[{"embeddable":true,"href":"https:\/\/www.mauriziobologna.eu\/index.php?rest_route=%2Fwp%2Fv2%2Fcomments&post=4207"}],"version-history":[{"count":40,"href":"https:\/\/www.mauriziobologna.eu\/index.php?rest_route=\/wp\/v2\/pages\/4207\/revisions"}],"predecessor-version":[{"id":4977,"href":"https:\/\/www.mauriziobologna.eu\/index.php?rest_route=\/wp\/v2\/pages\/4207\/revisions\/4977"}],"wp:attachment":[{"href":"https:\/\/www.mauriziobologna.eu\/index.php?rest_route=%2Fwp%2Fv2%2Fmedia&parent=4207"}],"curies":[{"name":"wp","href":"https:\/\/api.w.org\/{rel}","templated":true}]}}